{"id":1477,"date":"2017-11-06T11:57:28","date_gmt":"2017-11-06T10:57:28","guid":{"rendered":"https:\/\/www.cermac.fr\/la-societe\/"},"modified":"2019-05-29T10:22:58","modified_gmt":"2019-05-29T08:22:58","slug":"about-us","status":"publish","type":"page","link":"https:\/\/cermac.fr\/en\/about-us\/","title":{"rendered":"Designing and manufacturing customized machines"},"content":{"rendered":"","protected":false},"excerpt":{"rendered":"","protected":false},"author":1,"featured_media":0,"parent":0,"menu_order":0,"comment_status":"closed","ping_status":"closed","template":"page-templates\/tmp-societe.php","meta":{"_seopress_robots_primary_cat":"","_seopress_titles_title":"Pr\u00e9sentation de la soci\u00e9t\u00e9","_seopress_titles_desc":"Une alliance de savoir-faire ant\u00e9rieure \u00e0 la cr\u00e9ation de Cerma&#039;c. 4 associ\u00e9s qui travaillent de concert avec 14 collaborateurs investis et comp\u00e9tents.","_seopress_robots_index":""},"acf":[],"_links":{"self":[{"href":"https:\/\/cermac.fr\/en\/wp-json\/wp\/v2\/pages\/1477"}],"collection":[{"href":"https:\/\/cermac.fr\/en\/wp-json\/wp\/v2\/pages"}],"about":[{"href":"https:\/\/cermac.fr\/en\/wp-json\/wp\/v2\/types\/page"}],"author":[{"embeddable":true,"href":"https:\/\/cermac.fr\/en\/wp-json\/wp\/v2\/users\/1"}],"replies":[{"embeddable":true,"href":"https:\/\/cermac.fr\/en\/wp-json\/wp\/v2\/comments?post=1477"}],"version-history":[{"count":4,"href":"https:\/\/cermac.fr\/en\/wp-json\/wp\/v2\/pages\/1477\/revisions"}],"predecessor-version":[{"id":1691,"href":"https:\/\/cermac.fr\/en\/wp-json\/wp\/v2\/pages\/1477\/revisions\/1691"}],"wp:attachment":[{"href":"https:\/\/cermac.fr\/en\/wp-json\/wp\/v2\/media?parent=1477"}],"curies":[{"name":"wp","href":"https:\/\/api.w.org\/{rel}","templated":true}]}}