{"id":1469,"date":"2019-05-27T15:53:04","date_gmt":"2019-05-27T13:53:04","guid":{"rendered":"https:\/\/www.cermac.fr\/?page_id=1469"},"modified":"2019-05-27T16:11:30","modified_gmt":"2019-05-27T14:11:30","slug":"dispensing-and-orienting-systems","status":"publish","type":"page","link":"https:\/\/cermac.fr\/en\/parts-feeding-and-handling-systems\/dispensing-and-orienting-systems\/","title":{"rendered":"Dispensing and orienting systems"},"content":{"rendered":"<p>Ensembles con\u00e7us pour alimenter et orienter automatiquement des lignes de production ou d\u2019assemblage \u00e0 partir de pi\u00e8ces en vrac.<br \/>\nSe d\u00e9clinent en 2 types\u00a0:<\/p>\n","protected":false},"excerpt":{"rendered":"<p>Ensembles con\u00e7us pour alimenter et orienter automatiquement des lignes de production ou d\u2019assemblage \u00e0 partir de pi\u00e8ces en vrac. Se d\u00e9clinent en 2 types\u00a0:<\/p>\n","protected":false},"author":1,"featured_media":0,"parent":1456,"menu_order":0,"comment_status":"closed","ping_status":"closed","template":"page-templates\/tmp-produit.php","meta":{"_seopress_robots_primary_cat":"","_seopress_titles_title":"","_seopress_titles_desc":"","_seopress_robots_index":""},"acf":[],"_links":{"self":[{"href":"https:\/\/cermac.fr\/en\/wp-json\/wp\/v2\/pages\/1469"}],"collection":[{"href":"https:\/\/cermac.fr\/en\/wp-json\/wp\/v2\/pages"}],"about":[{"href":"https:\/\/cermac.fr\/en\/wp-json\/wp\/v2\/types\/page"}],"author":[{"embeddable":true,"href":"https:\/\/cermac.fr\/en\/wp-json\/wp\/v2\/users\/1"}],"replies":[{"embeddable":true,"href":"https:\/\/cermac.fr\/en\/wp-json\/wp\/v2\/comments?post=1469"}],"version-history":[{"count":4,"href":"https:\/\/cermac.fr\/en\/wp-json\/wp\/v2\/pages\/1469\/revisions"}],"predecessor-version":[{"id":1474,"href":"https:\/\/cermac.fr\/en\/wp-json\/wp\/v2\/pages\/1469\/revisions\/1474"}],"up":[{"embeddable":true,"href":"https:\/\/cermac.fr\/en\/wp-json\/wp\/v2\/pages\/1456"}],"wp:attachment":[{"href":"https:\/\/cermac.fr\/en\/wp-json\/wp\/v2\/media?parent=1469"}],"curies":[{"name":"wp","href":"https:\/\/api.w.org\/{rel}","templated":true}]}}