{"id":1603,"date":"2019-05-28T11:31:01","date_gmt":"2019-05-28T09:31:01","guid":{"rendered":"https:\/\/www.cermac.fr\/?page_id=1603"},"modified":"2019-05-28T11:31:01","modified_gmt":"2019-05-28T09:31:01","slug":"startseite-datenschutzerklaerung","status":"publish","type":"page","link":"https:\/\/cermac.fr\/de\/startseite-datenschutzerklaerung\/","title":{"rendered":"Startseite > Datenschutzerkl\u00e4rung"},"content":{"rendered":"<p>Bei Cerma&#8217;c sind wir uns bewusst, dass die Kommunikationsmittel in den letzten Jahren eine rasante Entwicklung genommen haben. In Anbetracht dessen erachten wir es f\u00fcr notwendig, aufmerksam zu bleiben und Ihre Privatsph\u00e4re aktiv zu sch\u00fctzen. Deshalb setzen wir alles daran, um die Vertraulichkeit der von uns erfassten personenbezogenen Daten zu wahren und so Ihre Privatsph\u00e4re zu sch\u00fctzen.<\/p>\n<p>Kontaktdaten der DSGVO-Zust\u00e4ndigen:<br \/>\nClaudine Lebon<br \/>\n+ 33 (0)3 74 09 53 12<br \/>\nc.lebon@cermac.fr<\/p>\n<p>1 &#8211; Erfassung personenbezogener Daten<\/p>\n<p>Wir erfassen die folgenden Informationen:<br \/>\n\u2022 Name<br \/>\n\u2022 Vorname<br \/>\n\u2022 E-Mail-Adresse<br \/>\n\u2022 Unternehmens-Bezeichnung<\/p>\n<p>Die so erfassten personenbezogenen Daten werden gesammelt:<br \/>\n\u2022 Mithilfe des Kontaktformulars auf unserer Website<br \/>\n\u2022 Telefonisch, wobei die Informationen durch den Ansprechpartner, Kunden oder potentiellen Kunden zur Erstellung einer pers\u00f6nlichen Kundenakte in voller Kenntnis der Sachlage \u00fcbermittelt werden<br \/>\n\u2022 Durch die Interaktion zwischen dem Benutzer und unserer Website.<\/p>\n<p>Wie im folgenden Abschnitt erw\u00e4hnt, verwenden wir auch Cookies und\/oder Log-Dateien, um Informationen \u00fcber Sie zu sammeln.<\/p>\n<p>2 &#8211; Cookies und Log-Dateien<\/p>\n<p>Wir erfassen bestimmte Informationen \u00fcber Cookies und Log-Dateien. Dies betrifft vor allem Angaben \u00fcber das Betriebssystem, die besuchten Seiten und die Anfragen.<\/p>\n<p>Die Verwendung solcher Dateien erm\u00f6glicht es uns, Statistiken zu erstellen.<\/p>\n<p>3 &#8211; Die Erfassung personenbezogener Daten im Detail<\/p>\n<p>Ihre personenbezogenen Daten werden \u00fcber ein Kontaktformular und per Telefon erhoben.<\/p>\n<p>Wir verwenden die so erfassten Daten zu folgenden Zwecken:<br \/>\n\u2022 Informationen\/Sonderangebote<br \/>\n\u2022 Statistiken<br \/>\n\u2022 Kontakt<br \/>\n\u2022 Verwaltung der Website (Pr\u00e4sentation, Organisation)<\/p>\n<p>Ihre personenbezogenen Daten werden auch durch die Interaktion zwischen Ihnen und unserer Website wie folgt erfasst:<br \/>\n\u2022 Statistiken<br \/>\n\u2022 Kontakt<br \/>\n\u2022 Verwaltung der Website (Pr\u00e4sentation, Organisation)<\/p>\n<p>Wir verwenden diese Daten, um Informationen oder Sonderangebote zu kommunizieren. Wir erinnern jedoch daran, dass wir keine sensiblen Daten erheben, dass keine Anrufe aufgezeichnet werden und dass keine gesammelten Informationen an Partner \u00fcbermittelt oder verkauft werden. Wenn wir an einer Ausschreibung teilnehmen, respektieren wir die Vertraulichkeit des Projekts und des ausschreibenden Unternehmens.<\/p>\n<p>4- Ihre Rechte<\/p>\n<p>Gem\u00e4\u00df den gesetzlichen Vorschriften haben Sie die folgenden Rechte:<\/p>\n<p>Das Zugangsrecht erm\u00f6glicht es Ihnen zu wissen, welche personenbezogenen Daten verwendet werden und wie sie verwendet werden. Sie k\u00f6nnen eine Kopie dieser personenbezogenen Daten beantragen, die Ihnen in h\u00f6chstens einem Monat nach dem Datum Ihrer Anfrage \u00fcbermittelt werden muss.<\/p>\n<p>Recht auf Berichtigung: Sie k\u00f6nnen eine \u00c4nderung beantragen, wenn Sie glauben, dass Ihre personenbezogenen Daten unrichtig oder unvollst\u00e4ndig sind.<\/p>\n<p>Recht auf L\u00f6schung (\u201eRecht auf Vergessenwerden\u201c): Sie k\u00f6nnen verlangen, dass Ihre personenbezogenen Daten, im gesetzlich zul\u00e4ssigen Rahmen, gel\u00f6scht werden.<\/p>\n<p>Recht auf Einschr\u00e4nkung der Verarbeitung: Sie d\u00fcrfen eine Einschr\u00e4nkung der Verarbeitung Ihrer personenbezogenen Daten zu verlangen.<\/p>\n<p>Das Recht auf Daten\u00fcbertragbarkeit erm\u00f6glicht es, sofern es anwendbar ist, die von Ihnen zur Verf\u00fcgung gestellten personenbezogenen Daten an Sie zur\u00fcckzugeben oder, im Rahmen der technischen M\u00f6glichkeiten, an Dritte weiterzugeben.<\/p>\n<p>Das Widerspruchsrecht ist das uneingeschr\u00e4nkte Recht, der Verarbeitung Ihrer personenbezogenen Daten zu Marketingzwecken zu widersprechen, einschlie\u00dflich des damit verbunden Profilings.<\/p>\n<p>Die von Ihnen erteilten Anweisungen f\u00fcr die Speicherung, L\u00f6schung oder \u00dcbermittlung Ihrer personenbezogenen Daten gelten \u00fcber Ihren Tod hinaus.<\/p>\n<p>Mit dem Recht auf Widerruf Ihrer Einwilligung k\u00f6nnen Sie Ihre Einwilligung in die Verarbeitung Ihrer personenbezogenen Daten jederzeit widerrufen, auch wenn Sie diese zuvor erteilt haben.<\/p>\n<p>Das Recht auf Offenlegung einer Verletzung personenbezogener Daten erfordert, dass der Verantwortliche unseres Unternehmens Sie informiert, wenn Sie infolge von Datenschutzverletzungen einem hohen Risiko ausgesetzt sein k\u00f6nnten.<\/p>\n<p>Zur Aus\u00fcbung Ihrer Rechte k\u00f6nnen Sie uns per Post oder E-Mail kontaktieren:<br \/>\nCERMAC<br \/>\nZAE du Temple \u2013 Rue du Docteur Jean-Michel \u2013 25300 VUILLECIN (Frankreich)<br \/>\nE-Mail: c.lebon@cermac.fr<br \/>\nWebsite: https:\/\/www.cermac.fr\/contact\/<br \/>\n5 &#8211; Wie lange werden Ihre personenbezogenen Daten gespeichert?<\/p>\n<p>Wir speichern Ihre personenbezogenen Daten in voller \u00dcbereinstimmung mit den geltenden Gesetzen und Vorschriften.<\/p>\n<p>Sie sind Kunde: Die meisten Informationen werden f\u00fcr die Dauer des Vertragsverh\u00e4ltnisses und 10\u00a0Jahre nach Beendigung des Vertragsverh\u00e4ltnisses gespeichert.<\/p>\n<p>Sie sind ein potenzieller Kunde: Die Informationen werden drei Jahre lang ab dem Zeitpunkt aufbewahrt, zu dem sie erhoben wurden, oder ab dem letzten Kontakt zwischen Ihnen und unserem Unternehmen.<\/p>\n<p>6 &#8211; Sicherheitsfragen<\/p>\n<p>Die von uns erfassten personenbezogenen Daten werden in einer sicheren Umgebung gespeichert. Die f\u00fcr uns t\u00e4tigen Personen sind verpflichtet, Ihre Daten vertraulich zu behandeln. Es d\u00fcrfen nur befugte Personen, die die erforderlichen Codes kennen, auf diese Informationen zugreifen, um sie zu erg\u00e4nzen oder zu aktualisieren.<\/p>\n<p>Um die Sicherheit Ihrer pers\u00f6nlichen Daten zu gew\u00e4hrleisten, verwenden wir die folgenden Ma\u00dfnahmen:<br \/>\n\u2022 Protocole SSL (Secure Sockets Layer)<br \/>\n\u2022 Zugriffsmanagement \u2013 Befugte Person<br \/>\n\u2022 Zugriffsmanagement \u2013 Betroffene Person<br \/>\n\u2022 Computer-Backup<br \/>\n\u2022 Firewalls<\/p>\n<p>Wir verpflichten uns, ein hohes Ma\u00df an Vertraulichkeit zu wahren, indem wir die neuesten technologischen Innovationen integrieren, um die Vertraulichkeit Ihrer Transaktionen zu gew\u00e4hrleisten. Da kein einziger Mechanismus eine 100%ige Sicherheit bietet, besteht bei der Nutzung des Internets zur \u00dcbermittlung pers\u00f6nlicher Daten jedoch immer ein gewisses Risiko.<\/p>\n<p>7 \u2013 Gesetzliche Vorschriften<\/p>\n<p>Wir verpflichten uns, die gesetzlichen Bestimmungen der Datenschutz-Grundverordnung (DSGVO) einzuhalten.<\/p>\n","protected":false},"excerpt":{"rendered":"<p>Bei Cerma&#8217;c sind wir uns bewusst, dass die Kommunikationsmittel in den letzten Jahren eine rasante Entwicklung genommen haben. In Anbetracht dessen erachten wir es f\u00fcr notwendig, aufmerksam zu bleiben und Ihre Privatsph\u00e4re aktiv zu sch\u00fctzen. Deshalb setzen wir alles daran, um die Vertraulichkeit der von uns erfassten personenbezogenen Daten zu wahren und so Ihre Privatsph\u00e4re [&hellip;]<\/p>\n","protected":false},"author":1,"featured_media":0,"parent":0,"menu_order":0,"comment_status":"closed","ping_status":"closed","template":"","meta":{"_seopress_robots_primary_cat":"","_seopress_titles_title":"","_seopress_titles_desc":"","_seopress_robots_index":""},"acf":[],"_links":{"self":[{"href":"https:\/\/cermac.fr\/de\/wp-json\/wp\/v2\/pages\/1603"}],"collection":[{"href":"https:\/\/cermac.fr\/de\/wp-json\/wp\/v2\/pages"}],"about":[{"href":"https:\/\/cermac.fr\/de\/wp-json\/wp\/v2\/types\/page"}],"author":[{"embeddable":true,"href":"https:\/\/cermac.fr\/de\/wp-json\/wp\/v2\/users\/1"}],"replies":[{"embeddable":true,"href":"https:\/\/cermac.fr\/de\/wp-json\/wp\/v2\/comments?post=1603"}],"version-history":[{"count":1,"href":"https:\/\/cermac.fr\/de\/wp-json\/wp\/v2\/pages\/1603\/revisions"}],"predecessor-version":[{"id":1604,"href":"https:\/\/cermac.fr\/de\/wp-json\/wp\/v2\/pages\/1603\/revisions\/1604"}],"wp:attachment":[{"href":"https:\/\/cermac.fr\/de\/wp-json\/wp\/v2\/media?parent=1603"}],"curies":[{"name":"wp","href":"https:\/\/api.w.org\/{rel}","templated":true}]}}