{"id":1601,"date":"2019-05-28T11:28:59","date_gmt":"2019-05-28T09:28:59","guid":{"rendered":"https:\/\/www.cermac.fr\/?page_id=1601"},"modified":"2019-05-28T11:28:59","modified_gmt":"2019-05-28T09:28:59","slug":"rechtliche-hinweise","status":"publish","type":"page","link":"https:\/\/cermac.fr\/de\/rechtliche-hinweise\/","title":{"rendered":"Rechtliche Hinweise"},"content":{"rendered":"<p>Definitionen<\/p>\n<p>Kunde: Jede gewerbliche oder nat\u00fcrliche Person, die im Sinne der Artikel 1123 ff. franz\u00f6s. Zivilgesetzbuch (Code civil) rechtsf\u00e4hig ist, und jede juristische Person, die die Website besucht, welche Gegenstand dieser allgemeinen Bedingungen ist.<\/p>\n<p>Leistungen und Service: https:\/\/www.cermac.fr stellt den Kunden zur Verf\u00fcgung:<\/p>\n<p>Inhalt: S\u00e4mtliche Elemente, die den auf der Website pr\u00e4sentierten Inhalt bilden, insbesondere Texte \u2013 Bilder \u2013 Videos.<\/p>\n<p>Kundeninformationen: Nachfolgend als \u201eInformationen\u201c bzw. \u201eDaten\u201c bezeichnet, die allen personenbezogenen Daten entsprechen, die auf https:\/\/www.cermac.fr f\u00fcr die Verwaltung Ihres Kontos, die Kundenbetreuung sowie f\u00fcr Analyse- und Statistikzwecke gespeichert sein k\u00f6nnen.<\/p>\n<p>Benutzer: Internetnutzer, der sich \u00fcber die oben genannte Website einloggt.<\/p>\n<p>Personenbezogene Daten: \u201eInformationen, die dazu dienen, die nat\u00fcrlichen Personen, auf die sie sich beziehen, in welcher Form auch immer, direkt oder indirekt zu identifizieren.\u201c (Art. 4, Gesetz Nr.\u00a078-17 vom 6.\u00a0Januar\u00a01978).<\/p>\n<p>Die Begriffe \u201epersonenbezogene Daten\u201c, \u201ebetroffene Person\u201c, \u201eAuftragsverarbeiter\u201c und \u201esensible Daten\u201c entsprechen den Definitionen der Datenschutz-Grundverordnung (EU) 2016\/679.<\/p>\n<p>1. Pr\u00e4sentation der Website<\/p>\n<p>Gem\u00e4\u00df Artikel 6 des Gesetzes Nr.\u00a02004-575 vom 21.\u00a0Juni\u00a02004 bez\u00fcglich des Vertrauens in die digitale Wirtschaft werden die Benutzer der Website https:\/\/www.cermac.fr \u00fcber die Identit\u00e4t der Beteiligten an der Gestaltung und Aktualisierung der Website informiert:<\/p>\n<p>Eigent\u00fcmer: SARL Cermac mit einem Gesellschaftskapital von 23 750\u00a0\u20ac \u2013 USt-Id: FR48440666550<br \/>\nZAE du Temple \u2013 Rue du Docteur Jean-Michel \u2013 25300 VUILLECIN (Frankreich)<\/p>\n<p>Verantwortliche der Publikation: Claudine Lebon \u2013 c.lebon@cermac.fr<br \/>\nDer Verantwortliche der Publikation ist eine nat\u00fcrliche oder juristische Person.<\/p>\n<p>Webmaster: Agence S\u00e9quane \u2013 welcome@sequane.fr<\/p>\n<p>Web-Host: Celeonet \u2013 70 Rue Berthie Albrecht \u2013 94400 Vitry-sur-Seine \u2013 (Frankreich) 00 33 (0)1 40 64 01 31<\/p>\n<p>Datenschutzbeauftragte Claudine Lebon \u2013 c.lebon@cermac.fr<\/p>\n<p>2. Allgemeinen Nutzungsbedingungen der Website und der angebotenen Dienste<\/p>\n<p>Die Website stellt ein geistiges Werk dar, das durch das Urheberrecht und die geltenden internationalen Vorschriften gesch\u00fctzt ist. Der Kunde darf die Inhalte und\/oder Bestandteile der Website weder insgesamt noch teilweise auf eigene Rechnung wiederverwenden, \u00fcbertragen oder verwerten.<\/p>\n<p>Die Nutzung der Website https:\/\/www.cermac.fr setzt die vollst\u00e4ndige und vorbehaltlose Annahme der nachstehenden Allgemeinen Nutzungsbedingungen voraus. Diese Nutzungsbedingungen k\u00f6nnen jederzeit ge\u00e4ndert oder erg\u00e4nzt werden, die Benutzer der Website https:\/\/www.cermac.fr werden deshalb gebeten, diese Bedingungen regelm\u00e4\u00dfig einzusehen.<\/p>\n<p>Diese Website ist f\u00fcr die Benutzer normalerweise jederzeit zug\u00e4nglich. Jedoch bleibt es https:\/\/www.cermac.fr vorbehalten, den Betrieb der Website wegen technischer Wartungsarbeiten zu unterbrechen; in diesem Fall bem\u00fcht sich https:\/\/www.cermac.fr, den Benutzern Datum und Uhrzeit der technischen Unterbrechung im Vorfeld mitzuteilen. Die Website https:\/\/www.cermac.fr wird von den Verantwortlichen von https:\/\/www.cermac.fr regelm\u00e4\u00dfig aktualisiert. Ebenso k\u00f6nnen die rechtlichen Hinweise jederzeit ge\u00e4ndert werden: Jedoch gelten sie zwingend f\u00fcr den Benutzer; dieser ist aufgefordert, sie m\u00f6glichst regelm\u00e4\u00dfig einzusehen.<\/p>\n<p>3. Beschreibung der bereitgestellten Dienstleistungen<\/p>\n<p>Zweck der Website https:\/\/www.cermac.fr ist es, \u00fcber alle T\u00e4tigkeiten des Unternehmens zu informieren. https:\/\/www.cermac.fr ist bestrebt, auf der Website https:\/\/www.cermac.fr so genaue Informationen wie m\u00f6glich bereitzustellen. Jedoch \u00fcbernimmt das Unternehmen keine Haftung f\u00fcr Auslassungen, Ungenauigkeiten oder unvollst\u00e4ndige Angaben bei der Aktualisierung, unabh\u00e4ngig davon, ob diese auf das Unternehmen selbst oder auf Dritte zur\u00fcckzuf\u00fchren sind, die ihm diese Informationen zur Verf\u00fcgung stellen.<br \/>\nAlle Informationen auf der Website https:\/\/www.cermac.fr sind unverbindlich und \u00c4nderungen vorbehalten. Au\u00dferdem sind die Informationen auf der Website https:\/\/www.cermac.fr keineswegs ersch\u00f6pfend. Sie werden unter dem Vorbehalt von \u00c4nderungen seit ihrer Ver\u00f6ffentlichung im Internet gegeben.<\/p>\n<p>4. Vertragliche Beschr\u00e4nkungen bzgl. der technischen Angaben<\/p>\n<p>Die Website verwendet die Technologie JavaScript. Die Website haftet nicht f\u00fcr materielle Sch\u00e4den infolge des Zugriffs auf die Website. Au\u00dferdem verpflichtet sich der Benutzer, f\u00fcr den Zugriff auf die Website eine aktuelle, virenfreie Hardware mit einem Web-Browser der neuesten Generation zu verwenden. Die Website https:\/\/www.cermac.fr wird von einem Dienstleister im Gebiet der Europ\u00e4ischen Union gem\u00e4\u00df den Bestimmungen der Allgemeinen Datenschutzverordnung (DSGVO 2016\/679) gehostet.<\/p>\n<p>Ziel ist es, einen Service anzubieten, der die beste Zug\u00e4nglichkeit gew\u00e4hrleistet. Der Provider stellt die Kontinuit\u00e4t seines Dienstes rund um die Uhr und an allen Tagen des Jahres sicher. Er beh\u00e4lt sich jedoch das Recht vor, den Hosting-Service f\u00fcr kurze Zeit zu unterbrechen, insbesondere f\u00fcr Wartungsarbeiten, Infrastrukturverbesserungen, Infrastrukturausf\u00e4lle oder wenn die Leistungen und Dienste einen anormalen Trafic erzeugen.<\/p>\n<p>https:\/\/www.cermac.fr und der Provider k\u00f6nnen nicht haftbar gemacht werden, wenn das Internet-Netzwerk, die Telefonleitungen oder die Computer- und Telefonausr\u00fcstung, insbesondere infolge einer \u00dcberlastung des Netzwerks und\/oder eines verhinderten Zugriffs auf den Server nicht funktionieren.<\/p>\n<p>5. Geistiges Eigentum und Schutz vor Nachahmungen<\/p>\n<p>https:\/\/www.cermac.fr ist Inhaber aller geistigen Eigentumsrechte oder h\u00e4lt die Nutzungsrechte an allen auf der Website zug\u00e4nglichen Elemente, insbesondere Texten, Bildern, Grafiken, Logos, Videos, Symbolen und Audiomaterial. Jegliche Reproduktion, Darstellung, \u00c4nderung, Ver\u00f6ffentlichung oder Anpassung der Website, ist insgesamt oder auszugsweise und unabh\u00e4ngig von den eingesetzten Mitteln oder Verfahren untersagt, es sei denn, https:\/\/www.cermac.fr hat zuvor die schriftliche Einwilligung dazu erteilt.<\/p>\n<p>Jede unbefugte Nutzung der Website oder eines der auf der Website enthaltenen Elemente stellt eine Verletzung des geistigen Eigentums dar und wird gem\u00e4\u00df den Bestimmungen der Artikel L.335-2 ff. franz\u00f6sisches Gesetzbuch \u00fcber geistiges Eigentum (Code de Propri\u00e9t\u00e9 Intellectuelle) geahndet.<\/p>\n<p>6. Haftungsbeschr\u00e4nkungen<\/p>\n<p>https:\/\/www.cermac.fr ist der Herausgeber der Website. https:\/\/www.cermac.fr ist f\u00fcr die Qualit\u00e4t und Richtigkeit der von ihm ver\u00f6ffentlichten Inhalte verantwortlich.<\/p>\n<p>https:\/\/www.cermac.fr \u00fcbernimmt keine Haftung f\u00fcr direkte und indirekte Sch\u00e4den, die w\u00e4hrend der Verwendung der Website https:\/\/www.cermac.fr an der Hardware des Benutzers entstehen, weil entweder die Hardware nicht den Spezifikationen unter 4 entspricht oder weil ein Fehler oder eine Inkompatibilit\u00e4t aufgetreten ist.<\/p>\n<p>https:\/\/www.cermac.fr haftet auch nicht f\u00fcr indirekte Sch\u00e4den (wie z.B. das Einb\u00fc\u00dfen eines Marktes oder Entgehen einer Chance) infolge der Verwendung der Website https:\/\/www.cermac.fr.<br \/>\nDen Benutzern stehen interaktive Bereiche zur Verf\u00fcgung (Fragen k\u00f6nnen in der Rubrik \u201eKontakt\u201c gestellt werden).<\/p>\n<p>https:\/\/www.cermac.fr beh\u00e4lt sich das Recht vor, jegliche in diesem Bereich ver\u00f6ffentlichte Inhalte, die die geltenden Rechtsvorschriften in Frankreich, insbesondere die Datenschutzbestimmungen verletzen, ank\u00fcndigungslos zu l\u00f6schen. https:\/\/www.cermac.fr beh\u00e4lt sich gegebenenfalls die M\u00f6glichkeit vor, die zivilrechtliche und\/oder strafrechtliche Haftung des Benutzers in Frage zu stellen, insbesondere bei Mitteilungen mit rassistischen, beleidigenden, diffamierenden oder pornografischen Inhalten, unabh\u00e4ngig von den verwendeten Medien (Text, Fotos\u2026).<\/p>\n<p>7. Umgang mit personenbezogenen Daten<\/p>\n<p>Der Kunde wird \u00fcber die Vorschriften zur Marketingkommunikation, das Gesetz vom 21. Juni 2014 \u00fcber das Vertrauen in die digitale Wirtschaft, das Datenschutzgesetz vom 06. August 2004 und die EU-Datenschutz-Grundverordnung (EU-DSGVO 2016\/679) informiert.<\/p>\n<p>7.1 Verantwortliche f\u00fcr die Verarbeitung personenbezogener Daten<br \/>\nDer Verantwortliche f\u00fcr die Verarbeitung der personenbezogene Daten, die im Rahmen der Erstellung des pers\u00f6nlichen Kontos des Benutzers und seines Website-Besuchs erhoben werden, ist Cerma&#8217;c. Die Website https:\/\/www.cermac.fr wird durch den gesetzlich Bevollm\u00e4chtigten unseres Unternehmens, Carlos Dias, vertreten.<\/p>\n<p>Als Verantwortlicher f\u00fcr die Verarbeitung der von ihm erhobenen Daten verpflichtet sich https:\/\/www.cermac.fr zur Einhaltung der geltenden gesetzlichen Bestimmungen. Insbesondere obliegt es ihm, die Zwecke der Datenverarbeitung festzulegen, potentielle Kunden und Kunden mit Erteilung ihrer Einwilligung \u00fcber die Verarbeitung ihrer personenbezogenen Daten umfassend zu informieren und ein wahrheitsgetreues Datenregister zu f\u00fchren. Bei jeder Verarbeitung personenbezogener Daten durch https:\/\/www.cermac.fr trifft https:\/\/www.cermac.fr alle angemessenen Ma\u00dfnahmen, um sicherzustellen, dass die personenbezogenen Daten korrekt und f\u00fcr die Zwecke, f\u00fcr die https:\/\/www.cermac.fr sie verarbeitet, relevant sind.<\/p>\n<p>7.2 Zweck der erhobenen Daten<\/p>\n<p>https:\/\/www.cermac.fr kann Ihre Daten vollst\u00e4ndig oder auszugsweise verarbeiten, um:<br \/>\n&#8211; die Navigation auf der Website sowie die Verwaltung und R\u00fcckverfolgbarkeit der vom Nutzer bestellten Dienste und Dienstleistungen zu erm\u00f6glichen: Verbindungs- und Nutzungsdaten der Website, Rechnungslegung, \u00dcberblick \u00fcber Bestellungen usw.<br \/>\n&#8211; zur Verhinderung und Bek\u00e4mpfung von Computerbetrug (Spamming, Hacking usw.): Computerausr\u00fcstung f\u00fcr das Surfen, IP-Adresse, Passwort (Password Hashing)<br \/>\n&#8211; zur Verbesserung der Webseiten-Navigation: Login- und Nutzungsdaten<br \/>\n&#8211; zur Durchf\u00fchrung optionaler Zufriedenheitsumfragen auf https:\/\/www.cermac.fr: E-Mail-Adresse<br \/>\n&#8211; zur Durchf\u00fchrung von Kommunikationskampagnen (SMS, E-Mail): Telefonnummer, E-Mail-Adresse<\/p>\n<p>https:\/\/www.cermac.fr vermarktet Ihre personenbezogenen Daten nicht; diese werden einzig und allein aus Notwendigkeit oder f\u00fcr statistische und analytische Zwecke erhoben.<\/p>\n<p>7.3 Recht auf Auskunft, Berichtigung und Widerspruch<\/p>\n<p>Gem\u00e4\u00df den geltenden europ\u00e4ischen Vorschriften haben die Benutzer https:\/\/www.cermac.fr folgende Rechte:<\/p>\n<p>&#8211; Recht auf Auskunft (DSGVO Art.\u00a015), Berichtigung (DSGVO, Art. 16), Aktualisierung, Vollst\u00e4ndigkeit der Benutzerdaten, Recht auf Sperrung oder L\u00f6schung der personenbezogenen Daten der Benutzer (DSGVO, Art. 17), wenn sie unrichtig, unvollst\u00e4ndig, mehrdeutig, veraltet sind oder wenn deren Erhebung, Nutzung, Weiterleitung oder Speicherung verboten ist<br \/>\n&#8211; das Recht, die Einwilligung jederzeit zu widerrufen (DSGVO, Art.\u00a013 Absatz 2 Buchstabe c)<br \/>\n&#8211; Recht auf Einschr\u00e4nkung der Verarbeitung von Nutzerdaten (DSGVO, Art. 18)<br \/>\n&#8211; das Recht, gegen die Verarbeitung von Nutzerdaten Widerspruch einzulegen (DSGVO, Art. 21)<br \/>\n&#8211; das Recht auf \u00dcbertragbarkeit der von den Nutzern zur Verf\u00fcgung gestellten Daten, wenn diese Daten auf der Grundlage ihrer Zustimmung oder eines Vertrages automatisch verarbeitet werden (DSGVO Art. 20)<br \/>\n&#8211; das Recht zu entscheiden, was mit den Daten des Nutzers nach seinem Tod werden soll und zu bestimmen, an welche von dem Nutzer zuvor benannte Dritte https:\/\/www.cermac.fr seine Daten weitergeben darf (oder nicht).<\/p>\n<p>Sobald https:\/\/www.cermac.fr vom Tod eines Nutzers Kenntnis erlangt und keine Anweisungen von ihm vorliegen, verpflichtet sich https:\/\/www.cermac.fr, dessen Daten zu vernichten, es sei denn, die Speicherung dieser Daten ist f\u00fcr Beweiszwecke oder zur Erf\u00fcllung von gesetzlichen Verpflichtungen erforderlich.<\/p>\n<p>Wenn der Nutzer wissen m\u00f6chte, wie https:\/\/www.cermac.fr seine personenbezogenen Daten verwendet, sie berichtigen lassen oder ihrer Verarbeitung widersprechen m\u00f6chte, kann er sich schriftlich an https:\/\/www.cermac.fr unter der folgenden Adresse wenden:<\/p>\n","protected":false},"excerpt":{"rendered":"<p>Definitionen Kunde: Jede gewerbliche oder nat\u00fcrliche Person, die im Sinne der Artikel 1123 ff. franz\u00f6s. Zivilgesetzbuch (Code civil) rechtsf\u00e4hig ist, und jede juristische Person, die die Website besucht, welche Gegenstand dieser allgemeinen Bedingungen ist. Leistungen und Service: https:\/\/www.cermac.fr stellt den Kunden zur Verf\u00fcgung: Inhalt: S\u00e4mtliche Elemente, die den auf der Website pr\u00e4sentierten Inhalt bilden, insbesondere [&hellip;]<\/p>\n","protected":false},"author":1,"featured_media":0,"parent":0,"menu_order":0,"comment_status":"closed","ping_status":"closed","template":"","meta":{"_seopress_robots_primary_cat":"","_seopress_titles_title":"","_seopress_titles_desc":"","_seopress_robots_index":""},"acf":[],"_links":{"self":[{"href":"https:\/\/cermac.fr\/de\/wp-json\/wp\/v2\/pages\/1601"}],"collection":[{"href":"https:\/\/cermac.fr\/de\/wp-json\/wp\/v2\/pages"}],"about":[{"href":"https:\/\/cermac.fr\/de\/wp-json\/wp\/v2\/types\/page"}],"author":[{"embeddable":true,"href":"https:\/\/cermac.fr\/de\/wp-json\/wp\/v2\/users\/1"}],"replies":[{"embeddable":true,"href":"https:\/\/cermac.fr\/de\/wp-json\/wp\/v2\/comments?post=1601"}],"version-history":[{"count":1,"href":"https:\/\/cermac.fr\/de\/wp-json\/wp\/v2\/pages\/1601\/revisions"}],"predecessor-version":[{"id":1602,"href":"https:\/\/cermac.fr\/de\/wp-json\/wp\/v2\/pages\/1601\/revisions\/1602"}],"wp:attachment":[{"href":"https:\/\/cermac.fr\/de\/wp-json\/wp\/v2\/media?parent=1601"}],"curies":[{"name":"wp","href":"https:\/\/api.w.org\/{rel}","templated":true}]}}