{"id":1598,"date":"2019-05-28T11:25:54","date_gmt":"2019-05-28T09:25:54","guid":{"rendered":"https:\/\/www.cermac.fr\/?page_id=1598"},"modified":"2019-05-28T11:26:16","modified_gmt":"2019-05-28T09:26:16","slug":"spezialmaschinen","status":"publish","type":"page","link":"https:\/\/cermac.fr\/de\/spezialmaschinen\/","title":{"rendered":"Spezialmaschinen"},"content":{"rendered":"<p>Die Ingenieure von Cerma&#8217;c sind Experten in der Automatisierungstechnik; sie entwerfen relevante L\u00f6sungen f\u00fcr die Produktion schl\u00fcsselfertiger Maschinen und Anlagen und entwickeln Mittel, um den Anforderungen an Produktivit\u00e4t, Anpassungsf\u00e4higkeit und Senkung der Produktionskosten zu entsprechen.<br \/>\nUnser Unternehmen ist in verschiedenen Bereichen, wie Lebensmittelherstellung, Kunststoff, Pharmazie, Automobil, Kosmetik usw. t\u00e4tig und bietet Spezialmaschinen f\u00fcr die Bearbeitung, einfache Montage, Montage am Maschinentisch, Ma\u00df- oder Sichtkontrollen oder auch Industrierobotik mit innovativen technischen L\u00f6sungen.<\/p>\n","protected":false},"excerpt":{"rendered":"<p>Die Ingenieure von Cerma&#8217;c sind Experten in der Automatisierungstechnik; sie entwerfen relevante L\u00f6sungen f\u00fcr die Produktion schl\u00fcsselfertiger Maschinen und Anlagen und entwickeln Mittel, um den Anforderungen an Produktivit\u00e4t, Anpassungsf\u00e4higkeit und Senkung der Produktionskosten zu entsprechen. Unser Unternehmen ist in verschiedenen Bereichen, wie Lebensmittelherstellung, Kunststoff, Pharmazie, Automobil, Kosmetik usw. t\u00e4tig und bietet Spezialmaschinen f\u00fcr die Bearbeitung, [&hellip;]<\/p>\n","protected":false},"author":1,"featured_media":0,"parent":0,"menu_order":0,"comment_status":"closed","ping_status":"closed","template":"page-templates\/tmp-liste-produits.php","meta":{"_seopress_robots_primary_cat":"","_seopress_titles_title":"","_seopress_titles_desc":"","_seopress_robots_index":""},"acf":[],"_links":{"self":[{"href":"https:\/\/cermac.fr\/de\/wp-json\/wp\/v2\/pages\/1598"}],"collection":[{"href":"https:\/\/cermac.fr\/de\/wp-json\/wp\/v2\/pages"}],"about":[{"href":"https:\/\/cermac.fr\/de\/wp-json\/wp\/v2\/types\/page"}],"author":[{"embeddable":true,"href":"https:\/\/cermac.fr\/de\/wp-json\/wp\/v2\/users\/1"}],"replies":[{"embeddable":true,"href":"https:\/\/cermac.fr\/de\/wp-json\/wp\/v2\/comments?post=1598"}],"version-history":[{"count":2,"href":"https:\/\/cermac.fr\/de\/wp-json\/wp\/v2\/pages\/1598\/revisions"}],"predecessor-version":[{"id":1600,"href":"https:\/\/cermac.fr\/de\/wp-json\/wp\/v2\/pages\/1598\/revisions\/1600"}],"wp:attachment":[{"href":"https:\/\/cermac.fr\/de\/wp-json\/wp\/v2\/media?parent=1598"}],"curies":[{"name":"wp","href":"https:\/\/api.w.org\/{rel}","templated":true}]}}