{"id":1573,"date":"2019-05-28T10:24:13","date_gmt":"2019-05-28T08:24:13","guid":{"rendered":"https:\/\/www.cermac.fr\/?page_id=1573"},"modified":"2019-05-28T10:25:06","modified_gmt":"2019-05-28T08:25:06","slug":"sortieranlagen","status":"publish","type":"page","link":"https:\/\/cermac.fr\/de\/sortieranlagen\/","title":{"rendered":"Sortieranlagen"},"content":{"rendered":"<p>Dies ist eine Schl\u00fcsselfunktion im automatisierten Beschickungsprozess der Anlagen. Erkennen, trennen, bewegen, sortieren, orientieren &#8230; Die einheitliche Behandlung von Teilen spart Zeit und erh\u00f6ht die Produktivit\u00e4t. Ob Einf\u00fclltrichter, Zentrifugal- oder Hohltrommel: wir produzieren die geeignete Ausr\u00fcstung f\u00fcr die jeweiligen Abl\u00e4ufe.<\/p>\n","protected":false},"excerpt":{"rendered":"<p>Dies ist eine Schl\u00fcsselfunktion im automatisierten Beschickungsprozess der Anlagen. Erkennen, trennen, bewegen, sortieren, orientieren &#8230; Die einheitliche Behandlung von Teilen spart Zeit und erh\u00f6ht die Produktivit\u00e4t. Ob Einf\u00fclltrichter, Zentrifugal- oder Hohltrommel: wir produzieren die geeignete Ausr\u00fcstung f\u00fcr die jeweiligen Abl\u00e4ufe.<\/p>\n","protected":false},"author":1,"featured_media":0,"parent":0,"menu_order":0,"comment_status":"closed","ping_status":"closed","template":"page-templates\/tmp-liste-produits.php","meta":{"_seopress_robots_primary_cat":"","_seopress_titles_title":"","_seopress_titles_desc":"","_seopress_robots_index":""},"acf":[],"_links":{"self":[{"href":"https:\/\/cermac.fr\/de\/wp-json\/wp\/v2\/pages\/1573"}],"collection":[{"href":"https:\/\/cermac.fr\/de\/wp-json\/wp\/v2\/pages"}],"about":[{"href":"https:\/\/cermac.fr\/de\/wp-json\/wp\/v2\/types\/page"}],"author":[{"embeddable":true,"href":"https:\/\/cermac.fr\/de\/wp-json\/wp\/v2\/users\/1"}],"replies":[{"embeddable":true,"href":"https:\/\/cermac.fr\/de\/wp-json\/wp\/v2\/comments?post=1573"}],"version-history":[{"count":2,"href":"https:\/\/cermac.fr\/de\/wp-json\/wp\/v2\/pages\/1573\/revisions"}],"predecessor-version":[{"id":1575,"href":"https:\/\/cermac.fr\/de\/wp-json\/wp\/v2\/pages\/1573\/revisions\/1575"}],"wp:attachment":[{"href":"https:\/\/cermac.fr\/de\/wp-json\/wp\/v2\/media?parent=1573"}],"curies":[{"name":"wp","href":"https:\/\/api.w.org\/{rel}","templated":true}]}}