{"id":1552,"date":"2019-05-28T09:23:21","date_gmt":"2019-05-28T07:23:21","guid":{"rendered":"https:\/\/www.cermac.fr\/?page_id=1552"},"modified":"2019-05-28T14:41:00","modified_gmt":"2019-05-28T12:41:00","slug":"kontakt","status":"publish","type":"page","link":"https:\/\/cermac.fr\/de\/kontakt\/","title":{"rendered":"Kontakt"},"content":{"rendered":"<p>Unsere Kompetenz basiert auf der Kombination unserer Kernkompetenzen und unserer F\u00e4higkeit, optimale kundenspezifische L\u00f6sungen im Einklang mit den Spezifikationen zu entwickeln.<\/p>\n<p>Ein Problem?<\/p>\n<p>Eine Frage zu unseren automatisierten Systemen?<\/p>\n<p>M\u00f6chten Sie uns ein Projekt vorstellen?<\/p>\n<p>Wir stehen Ihnen unter<\/p>\n<p>+33 (0)374 095 312 312 oder per E-Mail \u00fcber das nachstehende Formular zur Verf\u00fcgung.<\/p>\n<p>Wenn Sie uns Ihr Anliegen kurz beschreiben, k\u00f6nnen wir Ihre Anfrage anhand dieser Informationen z\u00fcgiger bearbeiten.<\/p>\n\n<div class=\"wpcf7 no-js\" id=\"wpcf7-f1623-o1\" lang=\"fr-FR\" dir=\"ltr\">\n<div class=\"screen-reader-response\"><p role=\"status\" aria-live=\"polite\" aria-atomic=\"true\"><\/p> <ul><\/ul><\/div>\n<form action=\"\/de\/wp-json\/wp\/v2\/pages\/1552#wpcf7-f1623-o1\" method=\"post\" class=\"wpcf7-form init\" aria-label=\"Contact form\" novalidate=\"novalidate\" data-status=\"init\">\n<div style=\"display: none;\">\n<input type=\"hidden\" name=\"_wpcf7\" value=\"1623\" \/>\n<input type=\"hidden\" name=\"_wpcf7_version\" value=\"5.8.7\" \/>\n<input type=\"hidden\" name=\"_wpcf7_locale\" value=\"fr_FR\" \/>\n<input type=\"hidden\" name=\"_wpcf7_unit_tag\" value=\"wpcf7-f1623-o1\" \/>\n<input type=\"hidden\" name=\"_wpcf7_container_post\" value=\"0\" \/>\n<input type=\"hidden\" name=\"_wpcf7_posted_data_hash\" value=\"\" \/>\n<\/div>\n<div class=\"row\">\n\t<div class=\"w50 prs\">\n\t\t<p><label class=\"required\"> Name* <\/label><span class=\"wpcf7-form-control-wrap\" data-name=\"your-name\"><input size=\"40\" class=\"wpcf7-form-control wpcf7-text wpcf7-validates-as-required\" aria-required=\"true\" aria-invalid=\"false\" value=\"\" type=\"text\" name=\"your-name\" \/><\/span>\n\t\t<\/p>\n\t<\/div>\n\t<div class=\"w50 pls\">\n\t\t<p><label class=\"required\"> Vorname* <\/label><span class=\"wpcf7-form-control-wrap\" data-name=\"your-firstname\"><input size=\"40\" class=\"wpcf7-form-control wpcf7-text wpcf7-validates-as-required\" aria-required=\"true\" aria-invalid=\"false\" value=\"\" type=\"text\" name=\"your-firstname\" \/><\/span>\n\t\t<\/p>\n\t<\/div>\n<\/div>\n<div class=\"row\">\n\t<div class=\"w50 prs\">\n\t\t<p><label class=\"required\"> E-Mail-Adresse* <\/label><span class=\"wpcf7-form-control-wrap\" data-name=\"your-email\"><input size=\"40\" class=\"wpcf7-form-control wpcf7-email wpcf7-validates-as-required wpcf7-text wpcf7-validates-as-email\" aria-required=\"true\" aria-invalid=\"false\" value=\"\" type=\"email\" name=\"your-email\" \/><\/span>\n\t\t<\/p>\n\t<\/div>\n\t<div class=\"w50 pls\">\n\t\t<p><label> Unternehmen <\/label><span class=\"wpcf7-form-control-wrap\" data-name=\"your-society\"><input size=\"40\" class=\"wpcf7-form-control wpcf7-text\" aria-invalid=\"false\" value=\"\" type=\"text\" name=\"your-society\" \/><\/span>\n\t\t<\/p>\n\t<\/div>\n<\/div>\n<div class=\"row\">\n\t<div class=\"w50 prs\">\n\t\t<p><label> Betreff <\/label><br \/>\n<span class=\"wpcf7-form-control-wrap\" data-name=\"your-subject\"><input size=\"40\" class=\"wpcf7-form-control wpcf7-text\" aria-invalid=\"false\" value=\"\" type=\"text\" name=\"your-subject\" \/><\/span>\n\t\t<\/p>\n\t<\/div>\n\t<div class=\"w50 pls\">\n\t\t<p><label class=\"required\"> Telefon* <\/label><br \/>\n<span class=\"wpcf7-form-control-wrap\" data-name=\"tel-482\"><input size=\"40\" class=\"wpcf7-form-control wpcf7-tel wpcf7-text wpcf7-validates-as-tel\" aria-invalid=\"false\" value=\"\" type=\"tel\" name=\"tel-482\" \/><\/span>\n\t\t<\/p>\n\t<\/div>\n<\/div>\n<div>\n\t<p><label class=\"required\"> Nachricht*<\/label><span class=\"wpcf7-form-control-wrap\" data-name=\"your-message\"><textarea cols=\"40\" rows=\"10\" class=\"wpcf7-form-control wpcf7-textarea wpcf7-validates-as-required\" aria-required=\"true\" aria-invalid=\"false\" name=\"your-message\"><\/textarea><\/span>\n\t<\/p>\n<\/div>\n<div class=\"row txtright\">\n\t<p><input class=\"wpcf7-form-control wpcf7-submit has-spinner tiny-w100 tablet-w100\" type=\"submit\" value=\"Senden\" \/>\n\t<\/p>\n<\/div><input\n                    class=\"apbct_special_field apbct_email_id__wp_contact_form_7\"\n                    name=\"apbct__email_id__wp_contact_form_7\"\n                    aria-label=\"apbct__label_id__wp_contact_form_7\"\n                    type=\"text\" size=\"30\" maxlength=\"200\" autocomplete=\"off\"\n                    value=\"\"\n                \/><div class=\"wpcf7-response-output\" aria-hidden=\"true\"><\/div>\n<\/form>\n<\/div>\n\n<p>Wenn Sie dieses Kontaktformular nutzen, geben Sie personenbezogene Daten an. Letztere werden von unseren Teams unter Einhaltung der Allgemeinen Datenschutzgrundverordnung f\u00fcr kommerzielle und statistische Zwecke erhoben und bearbeitet. Um sicherzustellen, dass Sie verstehen, wie, von wem und warum Ihre personenbezogenen Daten verwendet werden, haben wir eine Datenschutzerkl\u00e4rung festgelegt; wir bitten Sie, diese sorgf\u00e4ltig zu lesen. Sie k\u00f6nnen diese hier einsehen. Wir m\u00f6chten Sie daran erinnern, dass wir unser Bestes tun, um Ihre Privatsph\u00e4re zu sch\u00fctzen. Wir versichern Ihnen, dass unsere Teams Ihre Daten nicht weitergeben oder offenlegen werden. Abschlie\u00dfend m\u00f6chten wir Sie darauf hinweisen, dass Sie \u00fcber Rechte verf\u00fcgen, die Sie leicht aus\u00fcben k\u00f6nnen, indem Sie uns unter dieser Adresse kontaktieren:<\/p>\n<p>CERMAC &#8211; ZAE du Temple, Rue du Docteur Jean-Michel &#8211; 25300 VUILLECIN (FRANKREICH)<\/p>\n","protected":false},"excerpt":{"rendered":"<p>Unsere Kompetenz basiert auf der Kombination unserer Kernkompetenzen und unserer F\u00e4higkeit, optimale kundenspezifische L\u00f6sungen im Einklang mit den Spezifikationen zu entwickeln. Ein Problem? Eine Frage zu unseren automatisierten Systemen? M\u00f6chten Sie uns ein Projekt vorstellen? Wir stehen Ihnen unter +33 (0)374 095 312 312 oder per E-Mail \u00fcber das nachstehende Formular zur Verf\u00fcgung. Wenn Sie [&hellip;]<\/p>\n","protected":false},"author":1,"featured_media":0,"parent":0,"menu_order":0,"comment_status":"closed","ping_status":"closed","template":"page-templates\/tmp-contact.php","meta":{"_seopress_robots_primary_cat":"","_seopress_titles_title":"","_seopress_titles_desc":"","_seopress_robots_index":""},"acf":[],"_links":{"self":[{"href":"https:\/\/cermac.fr\/de\/wp-json\/wp\/v2\/pages\/1552"}],"collection":[{"href":"https:\/\/cermac.fr\/de\/wp-json\/wp\/v2\/pages"}],"about":[{"href":"https:\/\/cermac.fr\/de\/wp-json\/wp\/v2\/types\/page"}],"author":[{"embeddable":true,"href":"https:\/\/cermac.fr\/de\/wp-json\/wp\/v2\/users\/1"}],"replies":[{"embeddable":true,"href":"https:\/\/cermac.fr\/de\/wp-json\/wp\/v2\/comments?post=1552"}],"version-history":[{"count":5,"href":"https:\/\/cermac.fr\/de\/wp-json\/wp\/v2\/pages\/1552\/revisions"}],"predecessor-version":[{"id":1624,"href":"https:\/\/cermac.fr\/de\/wp-json\/wp\/v2\/pages\/1552\/revisions\/1624"}],"wp:attachment":[{"href":"https:\/\/cermac.fr\/de\/wp-json\/wp\/v2\/media?parent=1552"}],"curies":[{"name":"wp","href":"https:\/\/api.w.org\/{rel}","templated":true}]}}